{"id":339,"date":"2018-09-17T04:51:04","date_gmt":"2018-09-17T04:51:04","guid":{"rendered":"http:\/\/shtheme.com\/demosd\/charlostin2\/?page_id=339"},"modified":"2023-02-22T19:59:34","modified_gmt":"2023-02-22T18:59:34","slug":"restaurant","status":"publish","type":"page","link":"https:\/\/riaddarbensouda.com\/fr\/restaurant\/","title":{"rendered":"Notre Restaurant"},"content":{"rendered":"<p>[vc_row][vc_column] \r\n    <section class=\"breadcrumb_area\" style=\"background: url(https:\/\/riaddarbensouda.com\/wp-content\/uploads\/2023\/02\/banner-bg-1.jpg) no-repeat scroll center;\r\n    background-size: cover;\r\n    padding: 75px 0px;\">\r\n        <div class=\"container\">\r\n            <div class=\"breadcrumb_text\">\r\n                <h2>Notre restaurant<\/h2>\r\n                <div class=\"link\">\r\n                    <a class=\"active\" href=\"https:\/\/riaddarbensouda.com\/fr\/\">Home<\/a>\r\n                    <a>Notre restaurant<\/a>\r\n                <\/div>\r\n            <\/div>\r\n        <\/div>\r\n    <\/section>\r\n[\/vc_column][\/vc_row][vc_row][vc_column]        <section class=\"about_hotel_area p_100\">\r\n            <div class=\"container\">\r\n                <div class=\"row about_hotel_inner align-items-center d-flex\">\r\n                    <div class=\"col-lg-12\">\r\n                        <div class=\"ab_hotel_text\">\r\n                            <div class=\"main_title\">\r\n                                <h2>\u00c0 propos de notre restaurant.<\/h2>\r\n                            <\/div>\r\n                            <p>La Table d&#039;h\u00f4tes de Dar Bensouda est un restaurant magnifiquement con\u00e7u situ\u00e9 au c\u0153ur de F\u00e8s, au Maroc. Le restaurant offre une exp\u00e9rience authentique de restauration marocaine, avec un menu qui propose des plats traditionnels \u00e0 base d&#039;ingr\u00e9dients locaux. L&#039;int\u00e9rieur du restaurant est magnifiquement d\u00e9cor\u00e9 avec des carreaux et des lanternes complexes, cr\u00e9ant une atmosph\u00e8re chaleureuse et accueillante.<br \/>\n<\/p>\r\n                             <div class=\"ab_hotel_img\">\r\n                                  <img decoding=\"async\" class=\"img-fluid\" src=\"https:\/\/riaddarbensouda.com\/wp-content\/uploads\/2023\/02\/bensouda20.jpg\" alt=\"\">\r\n                            <\/div>\r\n                            <p>Le menu propose une s\u00e9lection de plats qui mettent en valeur les saveurs et ingr\u00e9dients du Maroc. Les convives peuvent commencer leur repas avec une s\u00e9lection d&#039;entr\u00e9es, telles que la tapenade citronn\u00e9e et aux olives, la soupe \u00e9pic\u00e9e Harira, et la savoureuse Pastilla, une p\u00e2tisserie farcie de poulet assaisonn\u00e9 et d&#039;amandes. Pour le plat principal, les clients peuvent choisir parmi une vari\u00e9t\u00e9 de tagines, des rago\u00fbts mijot\u00e9s servis avec du couscous parfum\u00e9, ainsi que des viandes grill\u00e9es, y compris de l&#039;agneau succulent et du poulet juteux.<br \/>\nEn plus de la cuisine d\u00e9licieuse, Dar Bensouda propose \u00e9galement une vari\u00e9t\u00e9 de boissons traditionnelles marocaines, telles que le th\u00e9 \u00e0 la menthe rafra\u00eechissant et les jus sucr\u00e9s et fruit\u00e9s.<br \/>\nQue vous recherchiez un d\u00eener romantique, une r\u00e9union de famille ou une soir\u00e9e entre amis, Dar Bensouda est la destination parfaite. Avec sa d\u00e9licieuse cuisine, son atmosph\u00e8re magnifique et son hospitalit\u00e9 chaleureuse, ce restaurant est s\u00fbr de laisser une impression durable.<br \/>\n<\/p>\r\n                        <\/div>\r\n                    <\/div>\r\n                <\/div>\r\n            <\/div>\r\n        <\/section>\r\n[\/vc_column][\/vc_row]<\/p>\n","protected":false},"excerpt":{"rendered":"<p>[vc_row][vc_column][\/vc_column][\/vc_row][vc_row][vc_column][\/vc_column][\/vc_row]<\/p>\n","protected":false},"author":1,"featured_media":0,"parent":0,"menu_order":0,"comment_status":"closed","ping_status":"closed","template":"page-templates\/restaurant.php","meta":{"_mi_skip_tracking":false,"footnotes":""},"class_list":["post-339","page","type-page","status-publish","hentry"],"yoast_head":"<!-- This site is optimized with the Yoast SEO plugin v19.10 - https:\/\/yoast.com\/wordpress\/plugins\/seo\/ -->\n<title>Notre Restaurant - Riad Dar Bensouda<\/title>\n<meta name=\"robots\" content=\"index, follow, max-snippet:-1, max-image-preview:large, max-video-preview:-1\" \/>\n<link rel=\"canonical\" href=\"https:\/\/riaddarbensouda.com\/fr\/restaurant\/\" \/>\n<meta property=\"og:locale\" content=\"fr_FR\" \/>\n<meta property=\"og:type\" content=\"article\" \/>\n<meta property=\"og:title\" content=\"Notre Restaurant - Riad Dar Bensouda\" \/>\n<meta property=\"og:description\" content=\"[vc_row][vc_column][\/vc_column][\/vc_row][vc_row][vc_column][\/vc_column][\/vc_row]\" \/>\n<meta property=\"og:url\" content=\"https:\/\/riaddarbensouda.com\/fr\/restaurant\/\" \/>\n<meta property=\"og:site_name\" content=\"Riad Dar Bensouda\" \/>\n<meta property=\"article:modified_time\" content=\"2023-02-22T18:59:34+00:00\" \/>\n<meta name=\"twitter:card\" content=\"summary_large_image\" \/>\n<meta name=\"twitter:label1\" content=\"Dur\u00e9e de lecture estim\u00e9e\" \/>\n\t<meta name=\"twitter:data1\" content=\"1 minute\" \/>\n<script type=\"application\/ld+json\" class=\"yoast-schema-graph\">{\"@context\":\"https:\/\/schema.org\",\"@graph\":[{\"@type\":\"WebPage\",\"@id\":\"https:\/\/riaddarbensouda.com\/fr\/restaurant\/\",\"url\":\"https:\/\/riaddarbensouda.com\/fr\/restaurant\/\",\"name\":\"Notre Restaurant - Riad Dar Bensouda\",\"isPartOf\":{\"@id\":\"https:\/\/riaddarbensouda.com\/#website\"},\"datePublished\":\"2018-09-17T04:51:04+00:00\",\"dateModified\":\"2023-02-22T18:59:34+00:00\",\"breadcrumb\":{\"@id\":\"https:\/\/riaddarbensouda.com\/fr\/restaurant\/#breadcrumb\"},\"inLanguage\":\"fr-FR\",\"potentialAction\":[{\"@type\":\"ReadAction\",\"target\":[\"https:\/\/riaddarbensouda.com\/fr\/restaurant\/\"]}]},{\"@type\":\"BreadcrumbList\",\"@id\":\"https:\/\/riaddarbensouda.com\/fr\/restaurant\/#breadcrumb\",\"itemListElement\":[{\"@type\":\"ListItem\",\"position\":1,\"name\":\"Home\",\"item\":\"https:\/\/riaddarbensouda.com\/fr\/\"},{\"@type\":\"ListItem\",\"position\":2,\"name\":\"Notre Restaurant\"}]},{\"@type\":\"WebSite\",\"@id\":\"https:\/\/riaddarbensouda.com\/#website\",\"url\":\"https:\/\/riaddarbensouda.com\/\",\"name\":\"Riad Dar Bensouda\",\"description\":\"Un site utilisant WordPress\",\"potentialAction\":[{\"@type\":\"SearchAction\",\"target\":{\"@type\":\"EntryPoint\",\"urlTemplate\":\"https:\/\/riaddarbensouda.com\/?s={search_term_string}\"},\"query-input\":\"required name=search_term_string\"}],\"inLanguage\":\"fr-FR\"}]}<\/script>\n<!-- \/ Yoast SEO plugin. -->","yoast_head_json":{"title":"Notre Restaurant - Riad Dar Bensouda","robots":{"index":"index","follow":"follow","max-snippet":"max-snippet:-1","max-image-preview":"max-image-preview:large","max-video-preview":"max-video-preview:-1"},"canonical":"https:\/\/riaddarbensouda.com\/fr\/restaurant\/","og_locale":"fr_FR","og_type":"article","og_title":"Notre Restaurant - Riad Dar Bensouda","og_description":"[vc_row][vc_column][\/vc_column][\/vc_row][vc_row][vc_column][\/vc_column][\/vc_row]","og_url":"https:\/\/riaddarbensouda.com\/fr\/restaurant\/","og_site_name":"Riad Dar Bensouda","article_modified_time":"2023-02-22T18:59:34+00:00","twitter_card":"summary_large_image","twitter_misc":{"Dur\u00e9e de lecture estim\u00e9e":"1 minute"},"schema":{"@context":"https:\/\/schema.org","@graph":[{"@type":"WebPage","@id":"https:\/\/riaddarbensouda.com\/fr\/restaurant\/","url":"https:\/\/riaddarbensouda.com\/fr\/restaurant\/","name":"Notre Restaurant - Riad Dar Bensouda","isPartOf":{"@id":"https:\/\/riaddarbensouda.com\/#website"},"datePublished":"2018-09-17T04:51:04+00:00","dateModified":"2023-02-22T18:59:34+00:00","breadcrumb":{"@id":"https:\/\/riaddarbensouda.com\/fr\/restaurant\/#breadcrumb"},"inLanguage":"fr-FR","potentialAction":[{"@type":"ReadAction","target":["https:\/\/riaddarbensouda.com\/fr\/restaurant\/"]}]},{"@type":"BreadcrumbList","@id":"https:\/\/riaddarbensouda.com\/fr\/restaurant\/#breadcrumb","itemListElement":[{"@type":"ListItem","position":1,"name":"Home","item":"https:\/\/riaddarbensouda.com\/fr\/"},{"@type":"ListItem","position":2,"name":"Notre Restaurant"}]},{"@type":"WebSite","@id":"https:\/\/riaddarbensouda.com\/#website","url":"https:\/\/riaddarbensouda.com\/","name":"Riad Dar Bensouda","description":"Un site utilisant WordPress","potentialAction":[{"@type":"SearchAction","target":{"@type":"EntryPoint","urlTemplate":"https:\/\/riaddarbensouda.com\/?s={search_term_string}"},"query-input":"required name=search_term_string"}],"inLanguage":"fr-FR"}]}},"_links":{"self":[{"href":"https:\/\/riaddarbensouda.com\/fr\/wp-json\/wp\/v2\/pages\/339\/"}],"collection":[{"href":"https:\/\/riaddarbensouda.com\/fr\/wp-json\/wp\/v2\/pages\/"}],"about":[{"href":"https:\/\/riaddarbensouda.com\/fr\/wp-json\/wp\/v2\/types\/page\/"}],"author":[{"embeddable":true,"href":"https:\/\/riaddarbensouda.com\/fr\/wp-json\/wp\/v2\/users\/1\/"}],"replies":[{"embeddable":true,"href":"https:\/\/riaddarbensouda.com\/fr\/wp-json\/wp\/v2\/comments\/?post=339"}],"version-history":[{"count":11,"href":"https:\/\/riaddarbensouda.com\/fr\/wp-json\/wp\/v2\/pages\/339\/revisions\/"}],"predecessor-version":[{"id":2833,"href":"https:\/\/riaddarbensouda.com\/fr\/wp-json\/wp\/v2\/pages\/339\/revisions\/2833\/"}],"wp:attachment":[{"href":"https:\/\/riaddarbensouda.com\/fr\/wp-json\/wp\/v2\/media\/?parent=339"}],"curies":[{"name":"wp","href":"https:\/\/api.w.org\/{rel}","templated":true}]}}