{"id":258,"date":"2018-09-13T09:06:53","date_gmt":"2018-09-13T09:06:53","guid":{"rendered":"http:\/\/shtheme.com\/demosd\/charlostin2\/?page_id=258"},"modified":"2023-02-22T20:18:20","modified_gmt":"2023-02-22T19:18:20","slug":"service","status":"publish","type":"page","link":"https:\/\/riaddarbensouda.com\/fr\/service\/","title":{"rendered":"Nos services"},"content":{"rendered":"<p>[vc_row][vc_column] \r\n    <section class=\"breadcrumb_area\" style=\"background: url(https:\/\/riaddarbensouda.com\/wp-content\/uploads\/2023\/02\/banner-bg-1.jpg) no-repeat scroll center;\r\n    background-size: cover;\r\n    padding: 75px 0px;\">\r\n        <div class=\"container\">\r\n            <div class=\"breadcrumb_text\">\r\n                <h2>Nos services<\/h2>\r\n                <div class=\"link\">\r\n                    <a class=\"active\" href=\"https:\/\/riaddarbensouda.com\/fr\/\">Accueil<\/a>\r\n                    <a>Nos services<\/a>\r\n                <\/div>\r\n            <\/div>\r\n        <\/div>\r\n    <\/section>\r\n[\/vc_column][\/vc_row][vc_row type_row=\u00a0\u00bboffer_page_service\u00a0\u00bb ses_title=\u00a0\u00bbCe que nous offrons \u00e0 nos clients\u00a0\u00bb ses_subtitle=\u00a0\u00bbChez Dar Bensouda, nous nous engageons \u00e0 offrir \u00e0 nos clients le plus haut niveau de confort et de service. Nos services comprennent :\u00a0\u00bb][vc_column] \r\n     \r\n    <div class=\"row activities_item align-items-end\">\r\n        <div class=\"col-lg-5\">\r\n            <img decoding=\"async\" class=\"img-fluid\" src=\"https:\/\/riaddarbensouda.com\/wp-content\/uploads\/2018\/09\/fes-34-1.jpg\" alt=\"\">\r\n        <\/div>\r\n        <div class=\"col-lg-7\">\r\n            <div class=\"activities_text\">\r\n                <a href=\"\"><h4>H\u00e9bergement<\/h4><\/a>\r\n                <p>Choisissez parmi une gamme de chambres joliment d\u00e9cor\u00e9es, comprenant des chambres Standard, des chambres Prestige, des suites Junior et des suites Deluxe. Chaque chambre est \u00e9quip\u00e9e de toutes les commodit\u00e9s n\u00e9cessaires et d\u00e9cor\u00e9e dans le style traditionnel marocain.<\/p>\r\n                <a class=\"main_btn\" href=\"\"><\/a>\r\n            <\/div>\r\n        <\/div>\r\n    <\/div>\r\n     \r\n \r\n     \r\n    <div class=\"row activities_item align-items-end\">\r\n        <div class=\"col-lg-5\">\r\n            <img decoding=\"async\" class=\"img-fluid\" src=\"https:\/\/riaddarbensouda.com\/wp-content\/uploads\/2023\/02\/bensouda20.jpg\" alt=\"\">\r\n        <\/div>\r\n        <div class=\"col-lg-7\">\r\n            <div class=\"activities_text\">\r\n                <a href=\"\"><h4>Restauration<\/h4><\/a>\r\n                <p>Savourez un d\u00e9licieux repas dans notre restaurant, qui propose une s\u00e9lection de plats traditionnels marocains pr\u00e9par\u00e9s \u00e0 partir d&#039;ingr\u00e9dients locaux.<\/p>\r\n                <a class=\"main_btn\" href=\"\"><\/a>\r\n            <\/div>\r\n        <\/div>\r\n    <\/div>\r\n     \r\n \r\n     \r\n    <div class=\"row activities_item align-items-end\">\r\n        <div class=\"col-lg-5\">\r\n            <img decoding=\"async\" class=\"img-fluid\" src=\"https:\/\/riaddarbensouda.com\/wp-content\/uploads\/2023\/02\/fes-34.jpg\" alt=\"\">\r\n        <\/div>\r\n        <div class=\"col-lg-7\">\r\n            <div class=\"activities_text\">\r\n                <a href=\"\"><h4>D\u00e9tente<\/h4><\/a>\r\n                <p>Prenez une pause loin du tumulte de la ville et d\u00e9tendez-vous dans notre cour tranquille ou sur notre terrasse sur le toit.<\/p>\r\n                <a class=\"main_btn\" href=\"\"><\/a>\r\n            <\/div>\r\n        <\/div>\r\n    <\/div>\r\n     \r\n \r\n     \r\n    <div class=\"row activities_item align-items-end\">\r\n        <div class=\"col-lg-5\">\r\n            <img decoding=\"async\" class=\"img-fluid\" src=\"https:\/\/riaddarbensouda.com\/wp-content\/uploads\/2023\/02\/Bensouda-17.jpg\" alt=\"\">\r\n        <\/div>\r\n        <div class=\"col-lg-7\">\r\n            <div class=\"activities_text\">\r\n                <a href=\"\"><h4>Bien-\u00eatre<\/h4><\/a>\r\n                <p>Rechargez votre corps et votre esprit avec un massage ou un soin spa dans notre spa sur place.<\/p>\r\n                <a class=\"main_btn\" href=\"\"><\/a>\r\n            <\/div>\r\n        <\/div>\r\n    <\/div>\r\n     \r\n \r\n     \r\n    <div class=\"row activities_item align-items-end\">\r\n        <div class=\"col-lg-5\">\r\n            <img decoding=\"async\" class=\"img-fluid\" src=\"https:\/\/riaddarbensouda.com\/wp-content\/uploads\/2023\/02\/activities.jpg\" alt=\"\">\r\n        <\/div>\r\n        <div class=\"col-lg-7\">\r\n            <div class=\"activities_text\">\r\n                <a href=\"\"><h4>Activit\u00e9s<\/h4><\/a>\r\n                <p>Participez \u00e0 une vari\u00e9t\u00e9 d&#039;activit\u00e9s, telles que des visites guid\u00e9es de la ville, des cours de cuisine et des exp\u00e9riences culturelles.<\/p>\r\n                <a class=\"main_btn\" href=\"\"><\/a>\r\n            <\/div>\r\n        <\/div>\r\n    <\/div>\r\n     \r\n \r\n     \r\n    <div class=\"row activities_item align-items-end\">\r\n        <div class=\"col-lg-5\">\r\n            <img decoding=\"async\" class=\"img-fluid\" src=\"https:\/\/riaddarbensouda.com\/wp-content\/uploads\/2018\/09\/besouda5.jpg\" alt=\"\">\r\n        <\/div>\r\n        <div class=\"col-lg-7\">\r\n            <div class=\"activities_text\">\r\n                <a href=\"\"><h4>Confort<\/h4><\/a>\r\n                <p>Nos clients peuvent profiter de nos installations sur place, notamment une r\u00e9ception ouverte 24h\/24, un service de change et un service de consigne \u00e0 bagages.<\/p>\r\n                <a class=\"main_btn\" href=\"\"><\/a>\r\n            <\/div>\r\n        <\/div>\r\n    <\/div>\r\n     \r\n \r\n     \r\n    <div class=\"row activities_item align-items-end\">\r\n        <div class=\"col-lg-5\">\r\n            <img decoding=\"async\" class=\"img-fluid\" src=\"https:\/\/riaddarbensouda.com\/wp-content\/uploads\/2023\/02\/transport.jpg\" alt=\"\">\r\n        <\/div>\r\n        <div class=\"col-lg-7\">\r\n            <div class=\"activities_text\">\r\n                <a href=\"\"><h4>Transport<\/h4><\/a>\r\n                <p>Nous pouvons organiser le transport depuis et vers l&#039;a\u00e9roport, ainsi que vers d&#039;autres destinations au Maroc.<\/p>\r\n                <a class=\"main_btn\" href=\"\"><\/a>\r\n            <\/div>\r\n        <\/div>\r\n    <\/div>\r\n     \r\n[vc_column_text]Notre objectif est de rendre votre s\u00e9jour chez Dar Bensouda m\u00e9morable et agr\u00e9able, et nous sommes impatients de vous accueillir dans notre magnifique riad.<br \/>\n[\/vc_column_text][\/vc_column][\/vc_row][vc_row type_row=\u00a0\u00bbfacilities_home_4&Prime; ses_title=\u00a0\u00bbHotel Facilities\u00a0\u00bb][vc_column] \r\n        <div class=\"col-lg-4 col-md-6\">\r\n            <div class=\"facilities_item\">\r\n                <div class=\"media\">\r\n                    <div class=\"d-flex\">\r\n                        <i class=\"flaticon-swimming-pool-1\"><\/i>\r\n                    <\/div>\r\n                    <div class=\"media-body\">\r\n                        <h4>Services de spa<\/h4>\r\n                        <p>Notre spa sur place propose une vari\u00e9t\u00e9 de massages pour le corps pour vous aider \u00e0 vous d\u00e9tendre et vous ressourcer pendant votre s\u00e9jour. Nos masseuses qualifi\u00e9es utilisent des techniques traditionnelles pour apaiser vos muscles et calmer votre esprit.<\/p>\r\n                    <\/div>\r\n                <\/div>\r\n            <\/div>\r\n        <\/div>\r\n \r\n        <div class=\"col-lg-4 col-md-6\">\r\n            <div class=\"facilities_item\">\r\n                <div class=\"media\">\r\n                    <div class=\"d-flex\">\r\n                        <i class=\"flaticon-spa\"><\/i>\r\n                    <\/div>\r\n                    <div class=\"media-body\">\r\n                        <h4>Piscine<\/h4>\r\n                        <p>Plongez dans notre magnifique piscine ext\u00e9rieure et profitez du soleil sur les chaises longues environnantes. La piscine est l&#039;endroit id\u00e9al pour se rafra\u00eechir par une journ\u00e9e chaude ou simplement pour se d\u00e9tendre et se relaxer.<\/p>\r\n                    <\/div>\r\n                <\/div>\r\n            <\/div>\r\n        <\/div>\r\n \r\n        <div class=\"col-lg-4 col-md-6\">\r\n            <div class=\"facilities_item\">\r\n                <div class=\"media\">\r\n                    <div class=\"d-flex\">\r\n                        <i class=\"flaticon-fashion\"><\/i>\r\n                    <\/div>\r\n                    <div class=\"media-body\">\r\n                        <h4>Service de blanchisserie<\/h4>\r\n                        <p>Notre service de blanchisserie vous permet de garder vos v\u00eatements frais et propres pendant votre s\u00e9jour. Il vous suffit de laisser vos articles avec nous et nous nous occupons du reste.<\/p>\r\n                    <\/div>\r\n                <\/div>\r\n            <\/div>\r\n        <\/div>\r\n \r\n        <div class=\"col-lg-4 col-md-6\">\r\n            <div class=\"facilities_item\">\r\n                <div class=\"media\">\r\n                    <div class=\"d-flex\">\r\n                        <i class=\"flaticon-wifi\"><\/i>\r\n                    <\/div>\r\n                    <div class=\"media-body\">\r\n                        <h4>Internet gratuit<\/h4>\r\n                        <p>Restez connect\u00e9 avec vos amis et votre famille pendant votre s\u00e9jour gr\u00e2ce \u00e0 notre Wi-Fi haut d\u00e9bit gratuit. Que vous soyez dans votre chambre ou dans l&#039;une de nos zones communes, vous pourrez naviguer sur le Web, v\u00e9rifier vos e-mails ou rester \u00e0 jour sur les derni\u00e8res nouvelles<\/p>\r\n                    <\/div>\r\n                <\/div>\r\n            <\/div>\r\n        <\/div>\r\n[\/vc_column][\/vc_row]<\/p>\n","protected":false},"excerpt":{"rendered":"<p>[vc_row][vc_column][\/vc_column][\/vc_row][vc_row type_row=\u00a0\u00bboffer_page_service\u00a0\u00bb ses_title=\u00a0\u00bbCe que nous offrons \u00e0 nos clients\u00a0\u00bb ses_subtitle=\u00a0\u00bbChez Dar Bensouda, nous nous engageons \u00e0 offrir \u00e0 nos clients le plus haut niveau de confort et de service. Nos services comprennent :\u00a0\u00bb][vc_column][vc_column_text]Notre objectif est de rendre votre s\u00e9jour chez Dar Bensouda m\u00e9morable et agr\u00e9able, et nous sommes impatients de vous accueillir dans notre magnifique [&hellip;]<\/p>\n","protected":false},"author":1,"featured_media":0,"parent":0,"menu_order":0,"comment_status":"closed","ping_status":"closed","template":"page-templates\/home.php","meta":{"_mi_skip_tracking":false,"footnotes":""},"class_list":["post-258","page","type-page","status-publish","hentry"],"yoast_head":"<!-- This site is optimized with the Yoast SEO plugin v19.10 - https:\/\/yoast.com\/wordpress\/plugins\/seo\/ -->\n<title>Nos services - Riad Dar Bensouda<\/title>\n<meta name=\"robots\" content=\"index, follow, max-snippet:-1, max-image-preview:large, max-video-preview:-1\" \/>\n<link rel=\"canonical\" href=\"https:\/\/riaddarbensouda.com\/fr\/service\/\" \/>\n<meta property=\"og:locale\" content=\"fr_FR\" \/>\n<meta property=\"og:type\" content=\"article\" \/>\n<meta property=\"og:title\" content=\"Nos services - Riad Dar Bensouda\" \/>\n<meta property=\"og:description\" content=\"[vc_row][vc_column][\/vc_column][\/vc_row][vc_row type_row=\u00a0\u00bboffer_page_service\u00a0\u00bb ses_title=\u00a0\u00bbCe que nous offrons \u00e0 nos clients\u00a0\u00bb ses_subtitle=\u00a0\u00bbChez Dar Bensouda, nous nous engageons \u00e0 offrir \u00e0 nos clients le plus haut niveau de confort et de service. Nos services comprennent :\u00a0\u00bb][vc_column][vc_column_text]Notre objectif est de rendre votre s\u00e9jour chez Dar Bensouda m\u00e9morable et agr\u00e9able, et nous sommes impatients de vous accueillir dans notre magnifique [&hellip;]\" \/>\n<meta property=\"og:url\" content=\"https:\/\/riaddarbensouda.com\/fr\/service\/\" \/>\n<meta property=\"og:site_name\" content=\"Riad Dar Bensouda\" \/>\n<meta property=\"article:modified_time\" content=\"2023-02-22T19:18:20+00:00\" \/>\n<meta name=\"twitter:card\" content=\"summary_large_image\" \/>\n<meta name=\"twitter:label1\" content=\"Dur\u00e9e de lecture estim\u00e9e\" \/>\n\t<meta name=\"twitter:data1\" content=\"2 minutes\" \/>\n<script type=\"application\/ld+json\" class=\"yoast-schema-graph\">{\"@context\":\"https:\/\/schema.org\",\"@graph\":[{\"@type\":\"WebPage\",\"@id\":\"https:\/\/riaddarbensouda.com\/fr\/service\/\",\"url\":\"https:\/\/riaddarbensouda.com\/fr\/service\/\",\"name\":\"Nos services - Riad Dar Bensouda\",\"isPartOf\":{\"@id\":\"https:\/\/riaddarbensouda.com\/#website\"},\"datePublished\":\"2018-09-13T09:06:53+00:00\",\"dateModified\":\"2023-02-22T19:18:20+00:00\",\"breadcrumb\":{\"@id\":\"https:\/\/riaddarbensouda.com\/fr\/service\/#breadcrumb\"},\"inLanguage\":\"fr-FR\",\"potentialAction\":[{\"@type\":\"ReadAction\",\"target\":[\"https:\/\/riaddarbensouda.com\/fr\/service\/\"]}]},{\"@type\":\"BreadcrumbList\",\"@id\":\"https:\/\/riaddarbensouda.com\/fr\/service\/#breadcrumb\",\"itemListElement\":[{\"@type\":\"ListItem\",\"position\":1,\"name\":\"Home\",\"item\":\"https:\/\/riaddarbensouda.com\/fr\/\"},{\"@type\":\"ListItem\",\"position\":2,\"name\":\"Nos services\"}]},{\"@type\":\"WebSite\",\"@id\":\"https:\/\/riaddarbensouda.com\/#website\",\"url\":\"https:\/\/riaddarbensouda.com\/\",\"name\":\"Riad Dar Bensouda\",\"description\":\"Un site utilisant WordPress\",\"potentialAction\":[{\"@type\":\"SearchAction\",\"target\":{\"@type\":\"EntryPoint\",\"urlTemplate\":\"https:\/\/riaddarbensouda.com\/?s={search_term_string}\"},\"query-input\":\"required name=search_term_string\"}],\"inLanguage\":\"fr-FR\"}]}<\/script>\n<!-- \/ Yoast SEO plugin. -->","yoast_head_json":{"title":"Nos services - Riad Dar Bensouda","robots":{"index":"index","follow":"follow","max-snippet":"max-snippet:-1","max-image-preview":"max-image-preview:large","max-video-preview":"max-video-preview:-1"},"canonical":"https:\/\/riaddarbensouda.com\/fr\/service\/","og_locale":"fr_FR","og_type":"article","og_title":"Nos services - Riad Dar Bensouda","og_description":"[vc_row][vc_column][\/vc_column][\/vc_row][vc_row type_row=\u00a0\u00bboffer_page_service\u00a0\u00bb ses_title=\u00a0\u00bbCe que nous offrons \u00e0 nos clients\u00a0\u00bb ses_subtitle=\u00a0\u00bbChez Dar Bensouda, nous nous engageons \u00e0 offrir \u00e0 nos clients le plus haut niveau de confort et de service. Nos services comprennent :\u00a0\u00bb][vc_column][vc_column_text]Notre objectif est de rendre votre s\u00e9jour chez Dar Bensouda m\u00e9morable et agr\u00e9able, et nous sommes impatients de vous accueillir dans notre magnifique [&hellip;]","og_url":"https:\/\/riaddarbensouda.com\/fr\/service\/","og_site_name":"Riad Dar Bensouda","article_modified_time":"2023-02-22T19:18:20+00:00","twitter_card":"summary_large_image","twitter_misc":{"Dur\u00e9e de lecture estim\u00e9e":"2 minutes"},"schema":{"@context":"https:\/\/schema.org","@graph":[{"@type":"WebPage","@id":"https:\/\/riaddarbensouda.com\/fr\/service\/","url":"https:\/\/riaddarbensouda.com\/fr\/service\/","name":"Nos services - Riad Dar Bensouda","isPartOf":{"@id":"https:\/\/riaddarbensouda.com\/#website"},"datePublished":"2018-09-13T09:06:53+00:00","dateModified":"2023-02-22T19:18:20+00:00","breadcrumb":{"@id":"https:\/\/riaddarbensouda.com\/fr\/service\/#breadcrumb"},"inLanguage":"fr-FR","potentialAction":[{"@type":"ReadAction","target":["https:\/\/riaddarbensouda.com\/fr\/service\/"]}]},{"@type":"BreadcrumbList","@id":"https:\/\/riaddarbensouda.com\/fr\/service\/#breadcrumb","itemListElement":[{"@type":"ListItem","position":1,"name":"Home","item":"https:\/\/riaddarbensouda.com\/fr\/"},{"@type":"ListItem","position":2,"name":"Nos services"}]},{"@type":"WebSite","@id":"https:\/\/riaddarbensouda.com\/#website","url":"https:\/\/riaddarbensouda.com\/","name":"Riad Dar Bensouda","description":"Un site utilisant WordPress","potentialAction":[{"@type":"SearchAction","target":{"@type":"EntryPoint","urlTemplate":"https:\/\/riaddarbensouda.com\/?s={search_term_string}"},"query-input":"required name=search_term_string"}],"inLanguage":"fr-FR"}]}},"_links":{"self":[{"href":"https:\/\/riaddarbensouda.com\/fr\/wp-json\/wp\/v2\/pages\/258\/"}],"collection":[{"href":"https:\/\/riaddarbensouda.com\/fr\/wp-json\/wp\/v2\/pages\/"}],"about":[{"href":"https:\/\/riaddarbensouda.com\/fr\/wp-json\/wp\/v2\/types\/page\/"}],"author":[{"embeddable":true,"href":"https:\/\/riaddarbensouda.com\/fr\/wp-json\/wp\/v2\/users\/1\/"}],"replies":[{"embeddable":true,"href":"https:\/\/riaddarbensouda.com\/fr\/wp-json\/wp\/v2\/comments\/?post=258"}],"version-history":[{"count":11,"href":"https:\/\/riaddarbensouda.com\/fr\/wp-json\/wp\/v2\/pages\/258\/revisions\/"}],"predecessor-version":[{"id":2845,"href":"https:\/\/riaddarbensouda.com\/fr\/wp-json\/wp\/v2\/pages\/258\/revisions\/2845\/"}],"wp:attachment":[{"href":"https:\/\/riaddarbensouda.com\/fr\/wp-json\/wp\/v2\/media\/?parent=258"}],"curies":[{"name":"wp","href":"https:\/\/api.w.org\/{rel}","templated":true}]}}